{"id":713,"date":"2022-09-08T10:38:38","date_gmt":"2022-09-08T10:38:38","guid":{"rendered":"https:\/\/ecovision-eng.com\/?page_id=713"},"modified":"2026-04-02T21:08:02","modified_gmt":"2026-04-03T01:08:02","slug":"contacts","status":"publish","type":"page","link":"https:\/\/ecovision-eng.com\/fr\/contacts\/","title":{"rendered":"Contacts"},"content":{"rendered":"<div data-elementor-type=\"wp-page\" data-elementor-id=\"713\" class=\"elementor elementor-713\" data-elementor-post-type=\"page\">\n\t\t\t\t\t\t<section class=\"elementor-section elementor-top-section elementor-element elementor-element-2643a853 elementor-section-boxed elementor-section-height-default elementor-section-height-default sc_fly_static\" data-id=\"2643a853\" data-element_type=\"section\" data-e-type=\"section\">\n\t\t\t\t\t\t\t<div class=\"elementor-background-overlay\"><\/div>\n\t\t\t\t\t\t\t<div class=\"elementor-container elementor-column-gap-extended\">\n\t\t\t\t\t<div class=\"elementor-column elementor-col-100 elementor-top-column elementor-element elementor-element-192280bc sc_content_align_inherit sc_layouts_column_icons_position_left sc_fly_static\" data-id=\"192280bc\" data-element_type=\"column\" data-e-type=\"column\">\n\t\t\t<div class=\"elementor-widget-wrap elementor-element-populated\">\n\t\t\t\t\t\t<div class=\"elementor-element elementor-element-6e34bac5 sc_height_huge sc_fly_static elementor-widget elementor-widget-spacer\" data-id=\"6e34bac5\" data-element_type=\"widget\" data-e-type=\"widget\" data-widget_type=\"spacer.default\">\n\t\t\t\t<div class=\"elementor-widget-container\">\n\t\t\t\t\t\t\t<div class=\"elementor-spacer\">\n\t\t\t<div class=\"elementor-spacer-inner\"><\/div>\n\t\t<\/div>\n\t\t\t\t\t\t<\/div>\n\t\t\t\t<\/div>\n\t\t\t\t<div class=\"elementor-element elementor-element-f042e9e sc_height_tiny sc_layouts_hide_on_notebook sc_layouts_hide_on_tablet sc_layouts_hide_on_mobile sc_fly_static elementor-widget elementor-widget-spacer\" data-id=\"f042e9e\" data-element_type=\"widget\" data-e-type=\"widget\" data-widget_type=\"spacer.default\">\n\t\t\t\t<div class=\"elementor-widget-container\">\n\t\t\t\t\t\t\t<div class=\"elementor-spacer\">\n\t\t\t<div class=\"elementor-spacer-inner\"><\/div>\n\t\t<\/div>\n\t\t\t\t\t\t<\/div>\n\t\t\t\t<\/div>\n\t\t\t\t<section class=\"elementor-section elementor-inner-section elementor-element elementor-element-7ab59bee elementor-section-boxed elementor-section-height-default elementor-section-height-default sc_fly_static\" data-id=\"7ab59bee\" data-element_type=\"section\" data-e-type=\"section\">\n\t\t\t\t\t\t<div class=\"elementor-container elementor-column-gap-no\">\n\t\t\t\t\t<div class=\"elementor-column elementor-col-33 elementor-inner-column elementor-element elementor-element-1776514 sc_content_align_inherit sc_layouts_column_icons_position_left sc_fly_static\" data-id=\"1776514\" data-element_type=\"column\" data-e-type=\"column\">\n\t\t\t<div class=\"elementor-widget-wrap elementor-element-populated\">\n\t\t\t\t\t\t<div class=\"elementor-element elementor-element-3c162d68 sc_layouts_hide_on_mobile sc_fly_static elementor-widget elementor-widget-spacer\" data-id=\"3c162d68\" data-element_type=\"widget\" data-e-type=\"widget\" data-widget_type=\"spacer.default\">\n\t\t\t\t<div class=\"elementor-widget-container\">\n\t\t\t\t\t\t\t<div class=\"elementor-spacer\">\n\t\t\t<div class=\"elementor-spacer-inner\"><\/div>\n\t\t<\/div>\n\t\t\t\t\t\t<\/div>\n\t\t\t\t<\/div>\n\t\t\t\t<div class=\"elementor-element elementor-element-192acaf8 sc_fly_static elementor-widget elementor-widget-trx_sc_title\" data-id=\"192acaf8\" data-element_type=\"widget\" data-e-type=\"widget\" data-widget_type=\"trx_sc_title.default\">\n\t\t\t\t<div class=\"elementor-widget-container\">\n\t\t\t\t\t<div\t\tclass=\"sc_title sc_title_default\" ><h4 class=\"sc_item_title sc_title_title sc_item_title_style_default sc_item_title_tag\"\n\t\t\t><span class=\"sc_item_title_text\">Coordonn\u00e9es<\/span><\/h4><\/div>\t\t\t\t<\/div>\n\t\t\t\t<\/div>\n\t\t\t\t<div class=\"elementor-element elementor-element-9282999 sc_fly_static elementor-widget elementor-widget-spacer\" data-id=\"9282999\" data-element_type=\"widget\" data-e-type=\"widget\" data-widget_type=\"spacer.default\">\n\t\t\t\t<div class=\"elementor-widget-container\">\n\t\t\t\t\t\t\t<div class=\"elementor-spacer\">\n\t\t\t<div class=\"elementor-spacer-inner\"><\/div>\n\t\t<\/div>\n\t\t\t\t\t\t<\/div>\n\t\t\t\t<\/div>\n\t\t\t\t<div class=\"elementor-element elementor-element-75cac035 sc_fly_static elementor-widget elementor-widget-trx_sc_icons\" data-id=\"75cac035\" data-element_type=\"widget\" data-e-type=\"widget\" data-widget_type=\"trx_sc_icons.default\">\n\t\t\t\t<div class=\"elementor-widget-container\">\n\t\t\t\t\t<div \tclass=\"sc_icons sc_icons_simple sc_icons_size_small sc_align_none\" ><div class=\"sc_icons_item with_more\"><div class=\"sc_icons_item_details\"><div class=\"sc_icons_item_description\"><span>Canada-<\/span><span>100 rue Murray Montr\u00e9al, Qc, Canada, H3C 1A2<\/span><span><\/span><\/div><\/div><\/div><div class=\"sc_icons_item sc_icons_item_linked with_more\"><div class=\"sc_icons_item_details\"><a href=\"tel:+15149431552\" class=\"sc_icons_item_more_link\">\n                        <span class=\"link_text\">+1 (514) 943-1552<\/span><span class=\"link_icon\"><\/span>\n                        <\/a><a href=\"tel:+15149431552\"\n                        class=\"sc_icons_item_link\">\n                        <\/a><\/div><\/div><div class=\"sc_icons_item with_more\"><div class=\"sc_icons_item_details\"><div class=\"sc_icons_item_description\"><span><a href=\"mailto: info@ecovisionengineers.com\"> info@ecovisionengineers.com<\/a><\/span><\/div><\/div><\/div><\/div><!-- \/.sc_icons -->\t\t\t\t<\/div>\n\t\t\t\t<\/div>\n\t\t\t\t<div class=\"elementor-element elementor-element-168fa213 sc_fly_static elementor-widget elementor-widget-spacer\" data-id=\"168fa213\" data-element_type=\"widget\" data-e-type=\"widget\" data-widget_type=\"spacer.default\">\n\t\t\t\t<div class=\"elementor-widget-container\">\n\t\t\t\t\t\t\t<div class=\"elementor-spacer\">\n\t\t\t<div class=\"elementor-spacer-inner\"><\/div>\n\t\t<\/div>\n\t\t\t\t\t\t<\/div>\n\t\t\t\t<\/div>\n\t\t\t\t<div class=\"elementor-element elementor-element-470d3ed3 sc_height_medium sc_layouts_hide_on_wide sc_layouts_hide_on_desktop sc_layouts_hide_on_notebook sc_layouts_hide_on_tablet sc_fly_static elementor-widget elementor-widget-spacer\" data-id=\"470d3ed3\" data-element_type=\"widget\" data-e-type=\"widget\" data-widget_type=\"spacer.default\">\n\t\t\t\t<div class=\"elementor-widget-container\">\n\t\t\t\t\t\t\t<div class=\"elementor-spacer\">\n\t\t\t<div class=\"elementor-spacer-inner\"><\/div>\n\t\t<\/div>\n\t\t\t\t\t\t<\/div>\n\t\t\t\t<\/div>\n\t\t\t\t\t<\/div>\n\t\t<\/div>\n\t\t\t\t<div class=\"elementor-column elementor-col-66 elementor-inner-column elementor-element elementor-element-7e9935df sc_content_align_inherit sc_layouts_column_icons_position_left sc_fly_static\" data-id=\"7e9935df\" data-element_type=\"column\" data-e-type=\"column\">\n\t\t\t<div class=\"elementor-widget-wrap elementor-element-populated\">\n\t\t\t\t\t\t<div class=\"elementor-element elementor-element-312ebac6 sc_fly_static elementor-widget elementor-widget-trx_sc_contact_form_7\" data-id=\"312ebac6\" data-element_type=\"widget\" data-e-type=\"widget\" data-widget_type=\"trx_sc_contact_form_7.default\">\n\t\t\t\t<div class=\"elementor-widget-container\">\n\t\t\t\t\t\n<div class=\"wpcf7 no-js\" id=\"wpcf7-f232-o1\" lang=\"en-US\" dir=\"ltr\" data-wpcf7-id=\"232\">\n<div class=\"screen-reader-response\"><p role=\"status\" aria-live=\"polite\" aria-atomic=\"true\"><\/p> <ul><\/ul><\/div>\n<form action=\"\/fr\/wp-json\/wp\/v2\/pages\/713#wpcf7-f232-o1\" method=\"post\" class=\"wpcf7-form init\" aria-label=\"Contact form\" novalidate=\"novalidate\" data-status=\"init\" data-trp-original-action=\"\/fr\/wp-json\/wp\/v2\/pages\/713#wpcf7-f232-o1\">\n<fieldset class=\"hidden-fields-container\"><input type=\"hidden\" name=\"_wpcf7\" value=\"232\" \/><input type=\"hidden\" name=\"_wpcf7_version\" value=\"6.1.4\" \/><input type=\"hidden\" name=\"_wpcf7_locale\" value=\"en_US\" \/><input type=\"hidden\" name=\"_wpcf7_unit_tag\" value=\"wpcf7-f232-o1\" \/><input type=\"hidden\" name=\"_wpcf7_container_post\" value=\"0\" \/><input type=\"hidden\" name=\"_wpcf7_posted_data_hash\" value=\"\" \/>\n<\/fieldset>\n<div class=\"form-style-3\">\n\t<div class=\"columns_wrap\">\n\t\t<div class=\"column-1_2\">\n\t\t\t<p><span class=\"style-line icon-name\"><span class=\"wpcf7-form-control-wrap\" data-name=\"your-name\"><input size=\"40\" maxlength=\"400\" class=\"wpcf7-form-control wpcf7-text wpcf7-validates-as-required\" aria-required=\"true\" aria-invalid=\"false\" placeholder=\"Nom\" value=\"\" type=\"text\" name=\"your-name\" \/><\/span><\/span>\n\t\t\t<\/p>\n\t\t<\/div>\n\t\t<div class=\"column-1_2\">\n\t\t\t<p><span class=\"style-line icon-email\"><span class=\"wpcf7-form-control-wrap\" data-name=\"your-email\"><input size=\"40\" maxlength=\"400\" class=\"wpcf7-form-control wpcf7-email wpcf7-validates-as-required wpcf7-text wpcf7-validates-as-email\" aria-required=\"true\" aria-invalid=\"false\" placeholder=\"Adresse \u00e9lectronique\" value=\"\" type=\"email\" name=\"your-email\" \/><\/span><\/span>\n\t\t\t<\/p>\n\t\t<\/div>\n\t<\/div>\n\t<div class=\"columns_wrap\">\n\t\t<div class=\"column-1_2\">\n\t\t\t<p><span class=\"style-line icon-phone\"><span class=\"wpcf7-form-control-wrap\" data-name=\"phone\"><input size=\"40\" maxlength=\"400\" class=\"wpcf7-form-control wpcf7-tel wpcf7-validates-as-required wpcf7-text wpcf7-validates-as-tel\" aria-required=\"true\" aria-invalid=\"false\" placeholder=\"T\u00e9l\u00e9phone\" value=\"\" type=\"tel\" name=\"phone\" \/><\/span><\/span>\n\t\t\t<\/p>\n\t\t<\/div>\n\t\t<div class=\"column-1_2\">\n\t\t\t<p><span class=\"style-line icon-subject\"><span class=\"wpcf7-form-control-wrap\" data-name=\"subject\"><input size=\"40\" maxlength=\"400\" class=\"wpcf7-form-control wpcf7-text wpcf7-validates-as-required\" aria-required=\"true\" aria-invalid=\"false\" placeholder=\"Sujet\" value=\"\" type=\"text\" name=\"subject\" \/><\/span><\/span>\n\t\t\t<\/p>\n\t\t<\/div>\n\t<\/div>\n\t<div class=\"columns_wrap margin-bottom\">\n\t\t<div class=\"column-1_1\">\n\t\t\t<p><span class=\"style-line icon-textarea\"><span class=\"wpcf7-form-control-wrap\" data-name=\"your-message\"><textarea cols=\"40\" rows=\"10\" maxlength=\"2000\" class=\"wpcf7-form-control wpcf7-textarea wpcf7-validates-as-required\" aria-required=\"true\" aria-invalid=\"false\" placeholder=\"Comment pouvons-nous vous aider ? N&#039;h\u00e9sitez pas \u00e0 nous contacter !\" name=\"your-message\"><\/textarea><\/span><\/span>\n\t\t\t<\/p>\n\t\t<\/div>\n\t<\/div>\n\t<p><input class=\"wpcf7-form-control wpcf7-submit has-spinner\" type=\"submit\" value=\"Prendre contact\" \/><span class=\"wpcf7-form-control-wrap\" data-name=\"acceptance\"><span class=\"wpcf7-form-control wpcf7-acceptance\"><span class=\"wpcf7-list-item\"><label><input type=\"checkbox\" name=\"acceptance\" value=\"1\" aria-invalid=\"false\" \/><span class=\"wpcf7-list-item-label\">J'accepte que mes donn\u00e9es soient <a href=\"\/fr\/politique-de-confidentialite\/\">collect\u00e9es et stock\u00e9es<\/a>.<\/span><\/label><\/span><\/span><\/span>\n\t<\/p>\n<\/div><div class=\"wpcf7-response-output\" aria-hidden=\"true\"><\/div>\n<input type=\"hidden\" name=\"trp-form-language\" value=\"fr\"\/><\/form>\n<\/div>\n\t\t\t\t<\/div>\n\t\t\t\t<\/div>\n\t\t\t\t\t<\/div>\n\t\t<\/div>\n\t\t\t\t\t<\/div>\n\t\t<\/section>\n\t\t\t\t<div class=\"elementor-element elementor-element-f21d6d7 sc_height_tiny sc_layouts_hide_on_notebook sc_layouts_hide_on_tablet sc_layouts_hide_on_mobile sc_fly_static elementor-widget elementor-widget-spacer\" data-id=\"f21d6d7\" data-element_type=\"widget\" data-e-type=\"widget\" data-widget_type=\"spacer.default\">\n\t\t\t\t<div class=\"elementor-widget-container\">\n\t\t\t\t\t\t\t<div class=\"elementor-spacer\">\n\t\t\t<div class=\"elementor-spacer-inner\"><\/div>\n\t\t<\/div>\n\t\t\t\t\t\t<\/div>\n\t\t\t\t<\/div>\n\t\t\t\t\t<\/div>\n\t\t<\/div>\n\t\t\t\t\t<\/div>\n\t\t<\/section>\n\t\t\t\t<section class=\"elementor-section elementor-top-section elementor-element elementor-element-1773c12b elementor-section-full_width elementor-section-height-default elementor-section-height-default sc_fly_static\" data-id=\"1773c12b\" data-element_type=\"section\" data-e-type=\"section\" data-settings=\"{&quot;background_background&quot;:&quot;classic&quot;}\">\n\t\t\t\t\t\t<div class=\"elementor-container elementor-column-gap-extended\">\n\t\t\t\t\t<div class=\"elementor-column elementor-col-100 elementor-top-column elementor-element elementor-element-3adb28b2 sc_content_align_inherit sc_layouts_column_icons_position_left sc_fly_static\" data-id=\"3adb28b2\" data-element_type=\"column\" data-e-type=\"column\">\n\t\t\t<div class=\"elementor-widget-wrap elementor-element-populated\">\n\t\t\t\t\t\t<section class=\"elementor-section elementor-inner-section elementor-element elementor-element-71b71861 elementor-section-full_width elementor-section-content-middle elementor-reverse-mobile elementor-section-height-default elementor-section-height-default sc_fly_static\" data-id=\"71b71861\" data-element_type=\"section\" data-e-type=\"section\">\n\t\t\t\t\t\t<div class=\"elementor-container elementor-column-gap-no\">\n\t\t\t\t\t<div class=\"elementor-column elementor-col-50 elementor-inner-column elementor-element elementor-element-251d3e19 sc_inner_width_1_2 sc_content_align_right sc-mobile_inner_width_none sc-mobile_content_align_inherit sc_layouts_column_icons_position_left sc_fly_static\" data-id=\"251d3e19\" data-element_type=\"column\" data-e-type=\"column\">\n\t\t\t<div class=\"elementor-widget-wrap elementor-element-populated\">\n\t\t\t\t\t\t<div class=\"elementor-element elementor-element-4c4418c0 sc_height_huge sc_layouts_hide_on_tablet sc_layouts_hide_on_mobile sc_fly_static elementor-widget elementor-widget-spacer\" data-id=\"4c4418c0\" data-element_type=\"widget\" data-e-type=\"widget\" data-widget_type=\"spacer.default\">\n\t\t\t\t<div class=\"elementor-widget-container\">\n\t\t\t\t\t\t\t<div class=\"elementor-spacer\">\n\t\t\t<div class=\"elementor-spacer-inner\"><\/div>\n\t\t<\/div>\n\t\t\t\t\t\t<\/div>\n\t\t\t\t<\/div>\n\t\t\t\t<div class=\"elementor-element elementor-element-32afe6ee sc_layouts_hide_on_notebook sc_layouts_hide_on_tablet sc_fly_static elementor-widget elementor-widget-spacer\" data-id=\"32afe6ee\" data-element_type=\"widget\" data-e-type=\"widget\" data-widget_type=\"spacer.default\">\n\t\t\t\t<div class=\"elementor-widget-container\">\n\t\t\t\t\t\t\t<div class=\"elementor-spacer\">\n\t\t\t<div class=\"elementor-spacer-inner\"><\/div>\n\t\t<\/div>\n\t\t\t\t\t\t<\/div>\n\t\t\t\t<\/div>\n\t\t\t\t<div class=\"elementor-element elementor-element-31ad075 sc_fly_static elementor-widget elementor-widget-trx_sc_title\" data-id=\"31ad075\" data-element_type=\"widget\" data-e-type=\"widget\" data-widget_type=\"trx_sc_title.default\">\n\t\t\t\t<div class=\"elementor-widget-container\">\n\t\t\t\t\t<div\t\tclass=\"sc_title sc_title_default\" ><span class=\"sc_item_subtitle sc_title_subtitle sc_item_subtitle_above sc_item_title_style_default\">R\u00c9SEAU COMPLET DE SERVICES<\/span><h1 class=\"sc_item_title sc_title_title sc_item_title_style_default sc_item_title_tag\"\n\t\t\t><span class=\"sc_item_title_text\">Une assistance technique l\u00e0 o\u00f9 votre projet se r\u00e9alise.<\/span><\/h1><div class=\"sc_item_descr sc_title_descr\"><p>Ecovision Engineering soutient des clients \u00e0 travers le Canada et au-del\u00e0, avec la capacit\u00e9 de mobiliser des \u00e9quipes sur le terrain, de coordonner des partenaires de confiance et de fournir des solutions environnementales cl\u00e9s en main dans les d\u00e9lais impartis.<\/p>\n<\/div><div\tclass=\"sc_item_button sc_button_wrap sc_item_button sc_item_button_default sc_item_button_size_normal sc_title_button\"><a href=\"https:\/\/ecovision-eng.com\/fr\/about-us\/\" class=\"sc_button sc_button_default sc_button_size_normal sc_button_icon_left\"><span class=\"sc_button_text\"><span class=\"sc_button_title\">En savoir plus sur nos sites<\/span><\/span><\/a><\/div><\/div>\t\t\t\t<\/div>\n\t\t\t\t<\/div>\n\t\t\t\t<div class=\"elementor-element elementor-element-41e49706 sc_layouts_hide_on_notebook sc_layouts_hide_on_tablet sc_layouts_hide_on_mobile sc_fly_static elementor-widget elementor-widget-spacer\" data-id=\"41e49706\" data-element_type=\"widget\" data-e-type=\"widget\" data-widget_type=\"spacer.default\">\n\t\t\t\t<div class=\"elementor-widget-container\">\n\t\t\t\t\t\t\t<div class=\"elementor-spacer\">\n\t\t\t<div class=\"elementor-spacer-inner\"><\/div>\n\t\t<\/div>\n\t\t\t\t\t\t<\/div>\n\t\t\t\t<\/div>\n\t\t\t\t<div class=\"elementor-element elementor-element-2a7f2378 sc_height_huge sc_layouts_hide_on_tablet sc_layouts_hide_on_mobile sc_fly_static elementor-widget elementor-widget-spacer\" data-id=\"2a7f2378\" data-element_type=\"widget\" data-e-type=\"widget\" data-widget_type=\"spacer.default\">\n\t\t\t\t<div class=\"elementor-widget-container\">\n\t\t\t\t\t\t\t<div class=\"elementor-spacer\">\n\t\t\t<div class=\"elementor-spacer-inner\"><\/div>\n\t\t<\/div>\n\t\t\t\t\t\t<\/div>\n\t\t\t\t<\/div>\n\t\t\t\t\t<\/div>\n\t\t<\/div>\n\t\t\t\t<div class=\"elementor-column elementor-col-50 elementor-inner-column elementor-element elementor-element-65bcee99 sc_content_align_inherit sc_layouts_column_icons_position_left sc_fly_static\" data-id=\"65bcee99\" data-element_type=\"column\" data-e-type=\"column\">\n\t\t\t<div class=\"elementor-widget-wrap elementor-element-populated\">\n\t\t\t\t\t\t<div class=\"elementor-element elementor-element-4c49fb59 scheme_dark_eco sc_fly_static elementor-widget elementor-widget-trx_sc_hotspot\" data-id=\"4c49fb59\" data-element_type=\"widget\" data-e-type=\"widget\" data-widget_type=\"trx_sc_hotspot.default\">\n\t\t\t\t<div class=\"elementor-widget-container\">\n\t\t\t\t\t<div  \n\t\t\tclass=\"sc_hotspot sc_hotspot_default\" ><div class=\"sc_hotspot_content sc_item_content\" ><img fetchpriority=\"high\" decoding=\"async\" src=\"\/\/ecovision-eng.com\/wp-content\/uploads\/2023\/01\/global-map.png\" class=\"sc_hotspot_image\" alt=\"Hotspot image\" width=\"925\" height=\"553\" \/><div id=\"elementor-repeater-item-c85a52e\" class=\"elementor-repeater-item-c85a52e sc_hotspot_item sc_hotspot_item_symbol_none sc_hotspot_item_open_hover sc_hotspot_item_visible_always\"\n\t\t\t\t\t\t\t >\t\t\t\t\t\t\t<span class=\"sc_hotspot_item_sonar\"><\/span>\n\t\t\t\t\t\t\t<span class=\"sc_hotspot_item_icon sc_hotspot_item_icon_type_none\"><span class=\"sc_icon_type_none\"><\/span><\/span>\n\t\t\t\t\t\t<div class=\"sc_hotspot_item_popup sc_hotspot_item_popup_tc sc_hotspot_item_popup_align_center\"><h6 class=\"sc_hotspot_item_subtitle\"><span>CANADA<\/span><\/h6><h5 class=\"sc_hotspot_item_title\"><span>Montr\u00e9al<\/span><\/h5><\/div>\n\n\t\t\t\t\t<\/div><div id=\"elementor-repeater-item-a4657a7\" class=\"elementor-repeater-item-a4657a7 sc_hotspot_item sc_hotspot_item_symbol_none sc_hotspot_item_open_hover sc_hotspot_item_visible_always\"\n\t\t\t\t\t\t\t >\t\t\t\t\t\t\t<span class=\"sc_hotspot_item_sonar\"><\/span>\n\t\t\t\t\t\t\t<span class=\"sc_hotspot_item_icon sc_hotspot_item_icon_type_none\"><span class=\"sc_icon_type_none\"><\/span><\/span>\n\t\t\t\t\t\t<div class=\"sc_hotspot_item_popup sc_hotspot_item_popup_tc sc_hotspot_item_popup_align_center\"><h6 class=\"sc_hotspot_item_subtitle\"><span>BR\u00c9SIL<\/span><\/h6><h5 class=\"sc_hotspot_item_title\"><span>Rio<\/span><\/h5><\/div>\n\n\t\t\t\t\t<\/div><div id=\"elementor-repeater-item-de7e62b\" class=\"elementor-repeater-item-de7e62b sc_hotspot_item sc_hotspot_item_symbol_none sc_hotspot_item_open_hover sc_hotspot_item_visible_always\"\n\t\t\t\t\t\t\t >\t\t\t\t\t\t\t<span class=\"sc_hotspot_item_sonar\"><\/span>\n\t\t\t\t\t\t\t<span class=\"sc_hotspot_item_icon sc_hotspot_item_icon_type_none\"><span class=\"sc_icon_type_none\"><\/span><\/span>\n\t\t\t\t\t\t<div class=\"sc_hotspot_item_popup sc_hotspot_item_popup_tc sc_hotspot_item_popup_align_center\"><h6 class=\"sc_hotspot_item_subtitle\"><span>KSA<\/span><\/h6><h5 class=\"sc_hotspot_item_title\"><span>Riyad<\/span><\/h5><\/div>\n\n\t\t\t\t\t<\/div><div id=\"elementor-repeater-item-42f863c\" class=\"elementor-repeater-item-42f863c sc_hotspot_item sc_hotspot_item_symbol_none sc_hotspot_item_open_hover sc_hotspot_item_visible_always\"\n\t\t\t\t\t\t\t >\t\t\t\t\t\t\t<span class=\"sc_hotspot_item_sonar\"><\/span>\n\t\t\t\t\t\t\t<span class=\"sc_hotspot_item_icon sc_hotspot_item_icon_type_none\"><span class=\"sc_icon_type_none\"><\/span><\/span>\n\t\t\t\t\t\t<div class=\"sc_hotspot_item_popup sc_hotspot_item_popup_tc sc_hotspot_item_popup_align_center\"><h6 class=\"sc_hotspot_item_subtitle\"><span>FRANCE<\/span><\/h6><h5 class=\"sc_hotspot_item_title\"><span>Paris<\/span><\/h5><\/div>\n\n\t\t\t\t\t<\/div><div id=\"elementor-repeater-item-11666c2\" class=\"elementor-repeater-item-11666c2 sc_hotspot_item sc_hotspot_item_symbol_none sc_hotspot_item_open_hover sc_hotspot_item_visible_always\"\n\t\t\t\t\t\t\t >\t\t\t\t\t\t\t<span class=\"sc_hotspot_item_sonar\"><\/span>\n\t\t\t\t\t\t\t<span class=\"sc_hotspot_item_icon sc_hotspot_item_icon_type_none\"><span class=\"sc_icon_type_none\"><\/span><\/span>\n\t\t\t\t\t\t<div class=\"sc_hotspot_item_popup sc_hotspot_item_popup_tc sc_hotspot_item_popup_tc_tablet sc_hotspot_item_popup_align_center\"><h6 class=\"sc_hotspot_item_subtitle\"><span>SINGAPOUR<\/span><\/h6><h5 class=\"sc_hotspot_item_title\"><span>Singapour<\/span><\/h5><\/div>\n\n\t\t\t\t\t<\/div><div id=\"elementor-repeater-item-0421c69\" class=\"elementor-repeater-item-0421c69 sc_hotspot_item sc_hotspot_item_symbol_none sc_hotspot_item_open_hover sc_hotspot_item_visible_always\"\n\t\t\t\t\t\t\t >\t\t\t\t\t\t\t<span class=\"sc_hotspot_item_sonar\"><\/span>\n\t\t\t\t\t\t\t<span class=\"sc_hotspot_item_icon sc_hotspot_item_icon_type_none\"><span class=\"sc_icon_type_none\"><\/span><\/span>\n\t\t\t\t\t\t<div class=\"sc_hotspot_item_popup sc_hotspot_item_popup_tc sc_hotspot_item_popup_tc_tablet sc_hotspot_item_popup_align_center\"><h6 class=\"sc_hotspot_item_subtitle\"><span>C\u00d4TE D'IVOIRE<\/span><\/h6><h5 class=\"sc_hotspot_item_title\"><span>Abidjan<\/span><\/h5><\/div>\n\n\t\t\t\t\t<\/div><\/div><\/div>\t\t\t\t<\/div>\n\t\t\t\t<\/div>\n\t\t\t\t\t<\/div>\n\t\t<\/div>\n\t\t\t\t\t<\/div>\n\t\t<\/section>\n\t\t\t\t<div class=\"elementor-element elementor-element-3f346bb8 sc_height_huge sc_fly_static elementor-widget elementor-widget-spacer\" data-id=\"3f346bb8\" data-element_type=\"widget\" data-e-type=\"widget\" data-widget_type=\"spacer.default\">\n\t\t\t\t<div class=\"elementor-widget-container\">\n\t\t\t\t\t\t\t<div class=\"elementor-spacer\">\n\t\t\t<div class=\"elementor-spacer-inner\"><\/div>\n\t\t<\/div>\n\t\t\t\t\t\t<\/div>\n\t\t\t\t<\/div>\n\t\t\t\t<div class=\"elementor-element elementor-element-cba498d elementor-widget__width-initial elementor-absolute sc_fly_static elementor-widget elementor-widget-image\" data-id=\"cba498d\" data-element_type=\"widget\" data-e-type=\"widget\" data-settings=\"{&quot;_position&quot;:&quot;absolute&quot;}\" data-widget_type=\"image.default\">\n\t\t\t\t<div class=\"elementor-widget-container\">\n\t\t\t\t\t\t\t\t\t\t\t\t\t\t\t<img decoding=\"async\" width=\"448\" height=\"490\" src=\"https:\/\/ecovision-eng.com\/wp-content\/uploads\/2023\/01\/wind-station.png\" class=\"attachment-full size-full wp-image-1819\" alt=\"\" srcset=\"https:\/\/ecovision-eng.com\/wp-content\/uploads\/2023\/01\/wind-station.png 448w, https:\/\/ecovision-eng.com\/wp-content\/uploads\/2023\/01\/wind-station-274x300.png 274w, https:\/\/ecovision-eng.com\/wp-content\/uploads\/2023\/01\/wind-station-370x405.png 370w, https:\/\/ecovision-eng.com\/wp-content\/uploads\/2023\/01\/wind-station-410x448.png 410w\" sizes=\"(max-width: 600px) 100vw, 448px\" \/>\t\t\t\t\t\t\t\t\t\t\t\t\t\t\t<\/div>\n\t\t\t\t<\/div>\n\t\t\t\t\t<\/div>\n\t\t<\/div>\n\t\t\t\t\t<\/div>\n\t\t<\/section>\n\t\t\t\t<\/div>","protected":false},"excerpt":{"rendered":"<p>Contact Details Canada\u2014100 rue Murray Montr\u00e9al, Qc, Canada, H3C 1A2 +1 (514) 943-1552 info@ecovisionengineers.com I agree that my data is collected and stored. COMPLETE SERVICES NETWORK Engineering support where your&hellip;<\/p>","protected":false},"author":4,"featured_media":0,"parent":0,"menu_order":0,"comment_status":"closed","ping_status":"closed","template":"","meta":{"_acf_changed":false,"footnotes":""},"class_list":["post-713","page","type-page","status-publish","hentry"],"acf":[],"_links":{"self":[{"href":"https:\/\/ecovision-eng.com\/fr\/wp-json\/wp\/v2\/pages\/713","targetHints":{"allow":["GET"]}}],"collection":[{"href":"https:\/\/ecovision-eng.com\/fr\/wp-json\/wp\/v2\/pages"}],"about":[{"href":"https:\/\/ecovision-eng.com\/fr\/wp-json\/wp\/v2\/types\/page"}],"author":[{"embeddable":true,"href":"https:\/\/ecovision-eng.com\/fr\/wp-json\/wp\/v2\/users\/4"}],"replies":[{"embeddable":true,"href":"https:\/\/ecovision-eng.com\/fr\/wp-json\/wp\/v2\/comments?post=713"}],"version-history":[{"count":16,"href":"https:\/\/ecovision-eng.com\/fr\/wp-json\/wp\/v2\/pages\/713\/revisions"}],"predecessor-version":[{"id":7186,"href":"https:\/\/ecovision-eng.com\/fr\/wp-json\/wp\/v2\/pages\/713\/revisions\/7186"}],"wp:attachment":[{"href":"https:\/\/ecovision-eng.com\/fr\/wp-json\/wp\/v2\/media?parent=713"}],"curies":[{"name":"wp","href":"https:\/\/api.w.org\/{rel}","templated":true}]}}