{"id":2153,"date":"2023-01-26T11:15:18","date_gmt":"2023-01-26T11:15:18","guid":{"rendered":"https:\/\/ecovision-eng.com\/?page_id=2153"},"modified":"2026-01-18T14:21:15","modified_gmt":"2026-01-18T19:21:15","slug":"lindustrie","status":"publish","type":"page","link":"https:\/\/ecovision-eng.com\/fr\/lindustrie\/","title":{"rendered":"Industries"},"content":{"rendered":"<div data-elementor-type=\"wp-page\" data-elementor-id=\"2153\" class=\"elementor elementor-2153\" data-elementor-post-type=\"page\">\n\t\t\t\t\t\t<section class=\"elementor-section elementor-top-section elementor-element elementor-element-7f4d912 scheme_dark elementor-section-boxed elementor-section-height-default elementor-section-height-default sc_fly_static\" data-id=\"7f4d912\" data-element_type=\"section\" data-e-type=\"section\" data-settings=\"{&quot;background_background&quot;:&quot;classic&quot;}\">\n\t\t\t\t\t\t\t<div class=\"elementor-background-overlay\"><\/div>\n\t\t\t\t\t\t\t<div class=\"elementor-container elementor-column-gap-extended\">\n\t\t\t\t\t<div class=\"elementor-column elementor-col-100 elementor-top-column elementor-element elementor-element-6253e9a sc_content_align_inherit sc_layouts_column_icons_position_left sc_fly_static\" data-id=\"6253e9a\" data-element_type=\"column\" data-e-type=\"column\">\n\t\t\t<div class=\"elementor-widget-wrap elementor-element-populated\">\n\t\t\t\t\t\t<div class=\"elementor-element elementor-element-07cebbe sc_height_huge sc_fly_static elementor-widget elementor-widget-spacer\" data-id=\"07cebbe\" data-element_type=\"widget\" data-e-type=\"widget\" data-widget_type=\"spacer.default\">\n\t\t\t\t<div class=\"elementor-widget-container\">\n\t\t\t\t\t\t\t<div class=\"elementor-spacer\">\n\t\t\t<div class=\"elementor-spacer-inner\"><\/div>\n\t\t<\/div>\n\t\t\t\t\t\t<\/div>\n\t\t\t\t<\/div>\n\t\t\t\t<div class=\"elementor-element elementor-element-6fef0cc sc_layouts_hide_on_notebook sc_layouts_hide_on_tablet sc_layouts_hide_on_mobile sc_fly_static elementor-widget elementor-widget-spacer\" data-id=\"6fef0cc\" data-element_type=\"widget\" data-e-type=\"widget\" data-widget_type=\"spacer.default\">\n\t\t\t\t<div class=\"elementor-widget-container\">\n\t\t\t\t\t\t\t<div class=\"elementor-spacer\">\n\t\t\t<div class=\"elementor-spacer-inner\"><\/div>\n\t\t<\/div>\n\t\t\t\t\t\t<\/div>\n\t\t\t\t<\/div>\n\t\t\t\t<div class=\"elementor-element elementor-element-25726acf sc_fly_static elementor-widget elementor-widget-trx_sc_title\" data-id=\"25726acf\" data-element_type=\"widget\" data-e-type=\"widget\" data-widget_type=\"trx_sc_title.default\">\n\t\t\t\t<div class=\"elementor-widget-container\">\n\t\t\t\t\t<style>.elementor-element-25726acf{display:none !important}<\/style>\t\t\t\t<\/div>\n\t\t\t\t<\/div>\n\t\t\t\t<div class=\"elementor-element elementor-element-f8670e8 sc_fly_static elementor-widget elementor-widget-trx_sc_title\" data-id=\"f8670e8\" data-element_type=\"widget\" data-e-type=\"widget\" data-widget_type=\"trx_sc_title.default\">\n\t\t\t\t<div class=\"elementor-widget-container\">\n\t\t\t\t\t<div\t\tclass=\"sc_title sc_title_default\" ><span class=\"sc_item_subtitle sc_title_subtitle sc_align_center sc_item_subtitle_above sc_item_title_style_default\">NOS INDUSTRIES MONDIALES<\/span><h1 class=\"sc_item_title sc_title_title sc_align_center sc_item_title_style_default sc_item_title_tag sc_typed\"\n\t\t\t><span class=\"sc_item_title_text\">En combinant la connaissance de l'environnement et la rigueur de l'ing\u00e9nierie, nous obtenons des r\u00e9sultats durables \u00e0 l'\u00e9chelle Internationale <u class=\"accent1\">des industries.<\/u><\/span><\/h1><\/div>\t\t\t\t<\/div>\n\t\t\t\t<\/div>\n\t\t\t\t<div class=\"elementor-element elementor-element-460ad0f4 sc_height_small sc_fly_static elementor-widget elementor-widget-spacer\" data-id=\"460ad0f4\" data-element_type=\"widget\" data-e-type=\"widget\" data-widget_type=\"spacer.default\">\n\t\t\t\t<div class=\"elementor-widget-container\">\n\t\t\t\t\t\t\t<div class=\"elementor-spacer\">\n\t\t\t<div class=\"elementor-spacer-inner\"><\/div>\n\t\t<\/div>\n\t\t\t\t\t\t<\/div>\n\t\t\t\t<\/div>\n\t\t\t\t<div class=\"elementor-element elementor-element-17f8a671 sc_fly_static elementor-widget elementor-widget-heading\" data-id=\"17f8a671\" data-element_type=\"widget\" data-e-type=\"widget\" data-widget_type=\"heading.default\">\n\t\t\t\t<div class=\"elementor-widget-container\">\n\t\t\t\t\t<h6 class=\"elementor-heading-title elementor-size-default\">Mohamed Zhioua<\/h6>\t\t\t\t<\/div>\n\t\t\t\t<\/div>\n\t\t\t\t<div class=\"elementor-element elementor-element-a5ec5f4 sc_fly_static elementor-widget elementor-widget-text-editor\" data-id=\"a5ec5f4\" data-element_type=\"widget\" data-e-type=\"widget\" data-widget_type=\"text-editor.default\">\n\t\t\t\t<div class=\"elementor-widget-container\">\n\t\t\t\t\t\t\t\t\t<p style=\"text-align: center;\">PDG - Ecovision Engineering Inc.<\/p>\t\t\t\t\t\t\t\t<\/div>\n\t\t\t\t<\/div>\n\t\t\t\t<div class=\"elementor-element elementor-element-31416ec4 sc_height_large sc_fly_static elementor-widget elementor-widget-spacer\" data-id=\"31416ec4\" data-element_type=\"widget\" data-e-type=\"widget\" data-widget_type=\"spacer.default\">\n\t\t\t\t<div class=\"elementor-widget-container\">\n\t\t\t\t\t\t\t<div class=\"elementor-spacer\">\n\t\t\t<div class=\"elementor-spacer-inner\"><\/div>\n\t\t<\/div>\n\t\t\t\t\t\t<\/div>\n\t\t\t\t<\/div>\n\t\t\t\t<div class=\"elementor-element elementor-element-282ca4c sc_fly_static elementor-widget elementor-widget-trx_sc_services\" data-id=\"282ca4c\" data-element_type=\"widget\" data-e-type=\"widget\" data-widget_type=\"trx_sc_services.default\">\n\t\t\t\t<div class=\"elementor-widget-container\">\n\t\t\t\t\t<div class=\"sc_services sc_services_cool sc_services_featured_top\"><div class=\"sc_services_columns_wrap sc_item_columns sc_item_posts_container sc_item_columns_3 trx_addons_columns_wrap columns_padding_bottom\"><div class=\"trx_addons_column-1_3\"><div data-post-id=\"6910\" class=\"sc_services_item sc_item_container post_container without_content with_more with_image sc_services_item_featured_none post-6910 cpt_services type-cpt_services status-publish has-post-thumbnail hentry cpt_services_group-industries\">\n\t\t<div class=\"sc_services_item_content\" style=\"background-image: url(https:\/\/ecovision-eng.com\/wp-content\/uploads\/2025\/12\/cityscape-7109636_1280-840x525.webp);\">\n\t\t\t\t<div class=\"sc_services_item_content_inner\"><div class=\"sc_services_item_content_inner_bottom\">\n                <h6 class=\"sc_services_item_title\"><a href=\"https:\/\/ecovision-eng.com\/fr\/services\/infrastructure-travaux-publics\/\">Infrastructures et travaux publics<\/a><\/h6>\n                <div class=\"sc_services_item_button sc_item_button\">\n                    <a href=\"https:\/\/ecovision-eng.com\/fr\/services\/infrastructure-travaux-publics\/\" class=\"sc_services_item_more_link\">\n                        <span class=\"link_text\">En savoir plus<\/span><span class=\"link_icon\"><\/span>\n                    <\/a>\n                    <\/div><\/div><\/div><a class=\"sc_services_item_link\" href=\"https:\/\/ecovision-eng.com\/fr\/services\/infrastructure-travaux-publics\/\"><\/a><\/div><\/div><\/div><div class=\"trx_addons_column-1_3\"><div data-post-id=\"6914\" class=\"sc_services_item sc_item_container post_container without_content with_more with_image sc_services_item_featured_none post-6914 cpt_services type-cpt_services status-publish has-post-thumbnail hentry cpt_services_group-industries\">\n\t\t<div class=\"sc_services_item_content\" style=\"background-image: url(https:\/\/ecovision-eng.com\/wp-content\/uploads\/2025\/12\/solar-4824555_1280-840x438.webp);\">\n\t\t\t\t<div class=\"sc_services_item_content_inner\"><div class=\"sc_services_item_content_inner_bottom\">\n                <h6 class=\"sc_services_item_title\"><a href=\"https:\/\/ecovision-eng.com\/fr\/services\/services-publics-de-lenergie\/\">\u00c9nergie et services publics<\/a><\/h6>\n                <div class=\"sc_services_item_button sc_item_button\">\n                    <a href=\"https:\/\/ecovision-eng.com\/fr\/services\/services-publics-de-lenergie\/\" class=\"sc_services_item_more_link\">\n                        <span class=\"link_text\">En savoir plus<\/span><span class=\"link_icon\"><\/span>\n                    <\/a>\n                    <\/div><\/div><\/div><a class=\"sc_services_item_link\" href=\"https:\/\/ecovision-eng.com\/fr\/services\/services-publics-de-lenergie\/\"><\/a><\/div><\/div><\/div><div class=\"trx_addons_column-1_3\"><div data-post-id=\"6921\" class=\"sc_services_item sc_item_container post_container without_content with_more with_image sc_services_item_featured_none post-6921 cpt_services type-cpt_services status-publish has-post-thumbnail hentry cpt_services_group-industries\">\n\t\t<div class=\"sc_services_item_content\" style=\"background-image: url(https:\/\/ecovision-eng.com\/wp-content\/uploads\/2025\/12\/open-pit-mining-3554221_1280-840x560.webp);\">\n\t\t\t\t<div class=\"sc_services_item_content_inner\"><div class=\"sc_services_item_content_inner_bottom\">\n                <h6 class=\"sc_services_item_title\"><a href=\"https:\/\/ecovision-eng.com\/fr\/services\/fabrication-industrielle\/\">Industrie et fabrication<\/a><\/h6>\n                <div class=\"sc_services_item_button sc_item_button\">\n                    <a href=\"https:\/\/ecovision-eng.com\/fr\/services\/fabrication-industrielle\/\" class=\"sc_services_item_more_link\">\n                        <span class=\"link_text\">En savoir plus<\/span><span class=\"link_icon\"><\/span>\n                    <\/a>\n                    <\/div><\/div><\/div><a class=\"sc_services_item_link\" href=\"https:\/\/ecovision-eng.com\/fr\/services\/fabrication-industrielle\/\"><\/a><\/div><\/div><\/div><div class=\"trx_addons_column-1_3\"><div data-post-id=\"6922\" class=\"sc_services_item sc_item_container post_container without_content with_more with_image sc_services_item_featured_none post-6922 cpt_services type-cpt_services status-publish has-post-thumbnail hentry cpt_services_group-industries\">\n\t\t<div class=\"sc_services_item_content\" style=\"background-image: url(https:\/\/ecovision-eng.com\/wp-content\/uploads\/2025\/12\/city-5974876_1280-840x560.webp);\">\n\t\t\t\t<div class=\"sc_services_item_content_inner\"><div class=\"sc_services_item_content_inner_bottom\">\n                <h6 class=\"sc_services_item_title\"><a href=\"https:\/\/ecovision-eng.com\/fr\/services\/developpement-immobilier\/\">Immobilier et d\u00e9veloppement<\/a><\/h6>\n                <div class=\"sc_services_item_button sc_item_button\">\n                    <a href=\"https:\/\/ecovision-eng.com\/fr\/services\/developpement-immobilier\/\" class=\"sc_services_item_more_link\">\n                        <span class=\"link_text\">En savoir plus<\/span><span class=\"link_icon\"><\/span>\n                    <\/a>\n                    <\/div><\/div><\/div><a class=\"sc_services_item_link\" href=\"https:\/\/ecovision-eng.com\/fr\/services\/developpement-immobilier\/\"><\/a><\/div><\/div><\/div><div class=\"trx_addons_column-1_3\"><div data-post-id=\"6931\" class=\"sc_services_item sc_item_container post_container without_content with_more with_image sc_services_item_featured_none post-6931 cpt_services type-cpt_services status-publish has-post-thumbnail hentry cpt_services_group-industries\">\n\t\t<div class=\"sc_services_item_content\" style=\"background-image: url(https:\/\/ecovision-eng.com\/wp-content\/uploads\/2025\/12\/washington-2147262_1280-840x560.webp);\">\n\t\t\t\t<div class=\"sc_services_item_content_inner\"><div class=\"sc_services_item_content_inner_bottom\">\n                <h6 class=\"sc_services_item_title\"><a href=\"https:\/\/ecovision-eng.com\/fr\/services\/les-gouvernements-institutionnels\/\">Institutions et gouvernements<\/a><\/h6>\n                <div class=\"sc_services_item_button sc_item_button\">\n                    <a href=\"https:\/\/ecovision-eng.com\/fr\/services\/les-gouvernements-institutionnels\/\" class=\"sc_services_item_more_link\">\n                        <span class=\"link_text\">En savoir plus<\/span><span class=\"link_icon\"><\/span>\n                    <\/a>\n                    <\/div><\/div><\/div><a class=\"sc_services_item_link\" href=\"https:\/\/ecovision-eng.com\/fr\/services\/les-gouvernements-institutionnels\/\"><\/a><\/div><\/div><\/div><div class=\"trx_addons_column-1_3\"><div data-post-id=\"6936\" class=\"sc_services_item sc_item_container post_container without_content with_more with_image sc_services_item_featured_none post-6936 cpt_services type-cpt_services status-publish has-post-thumbnail hentry cpt_services_group-industries\">\n\t\t<div class=\"sc_services_item_content\" style=\"background-image: url(https:\/\/ecovision-eng.com\/wp-content\/uploads\/2026\/01\/licensed-image-840x1263.webp);\">\n\t\t\t\t<div class=\"sc_services_item_content_inner\"><div class=\"sc_services_item_content_inner_bottom\">\n                <h6 class=\"sc_services_item_title\"><a href=\"https:\/\/ecovision-eng.com\/fr\/services\/logistique-de-la-gestion-des-dechets\/\">Gestion des d\u00e9chets et logistique<\/a><\/h6>\n                <div class=\"sc_services_item_button sc_item_button\">\n                    <a href=\"https:\/\/ecovision-eng.com\/fr\/services\/logistique-de-la-gestion-des-dechets\/\" class=\"sc_services_item_more_link\">\n                        <span class=\"link_text\">En savoir plus<\/span><span class=\"link_icon\"><\/span>\n                    <\/a>\n                    <\/div><\/div><\/div><a class=\"sc_services_item_link\" href=\"https:\/\/ecovision-eng.com\/fr\/services\/logistique-de-la-gestion-des-dechets\/\"><\/a><\/div><\/div><\/div><\/div><\/div>\t\t\t\t<\/div>\n\t\t\t\t<\/div>\n\t\t\t\t<div class=\"elementor-element elementor-element-f2f86d3 sc_layouts_hide_on_notebook sc_layouts_hide_on_tablet sc_layouts_hide_on_mobile sc_fly_static elementor-widget elementor-widget-spacer\" data-id=\"f2f86d3\" data-element_type=\"widget\" data-e-type=\"widget\" data-widget_type=\"spacer.default\">\n\t\t\t\t<div class=\"elementor-widget-container\">\n\t\t\t\t\t\t\t<div class=\"elementor-spacer\">\n\t\t\t<div class=\"elementor-spacer-inner\"><\/div>\n\t\t<\/div>\n\t\t\t\t\t\t<\/div>\n\t\t\t\t<\/div>\n\t\t\t\t<div class=\"elementor-element elementor-element-6b51251 sc_height_huge sc_fly_static elementor-widget elementor-widget-spacer\" data-id=\"6b51251\" data-element_type=\"widget\" data-e-type=\"widget\" data-widget_type=\"spacer.default\">\n\t\t\t\t<div class=\"elementor-widget-container\">\n\t\t\t\t\t\t\t<div class=\"elementor-spacer\">\n\t\t\t<div class=\"elementor-spacer-inner\"><\/div>\n\t\t<\/div>\n\t\t\t\t\t\t<\/div>\n\t\t\t\t<\/div>\n\t\t\t\t<div class=\"elementor-element elementor-element-9797fe6 sc_layouts_hide_on_notebook sc_layouts_hide_on_tablet sc_layouts_hide_on_mobile sc_fly_static elementor-widget elementor-widget-spacer\" data-id=\"9797fe6\" data-element_type=\"widget\" data-e-type=\"widget\" data-widget_type=\"spacer.default\">\n\t\t\t\t<div class=\"elementor-widget-container\">\n\t\t\t\t\t\t\t<div class=\"elementor-spacer\">\n\t\t\t<div class=\"elementor-spacer-inner\"><\/div>\n\t\t<\/div>\n\t\t\t\t\t\t<\/div>\n\t\t\t\t<\/div>\n\t\t\t\t\t<\/div>\n\t\t<\/div>\n\t\t\t\t\t<\/div>\n\t\t<\/section>\n\t\t\t\t<section class=\"elementor-section elementor-top-section elementor-element elementor-element-315ffa3 elementor-section-full_width scheme_light elementor-section-height-default elementor-section-height-default sc_fly_static\" data-id=\"315ffa3\" data-element_type=\"section\" data-e-type=\"section\">\n\t\t\t\t\t\t<div class=\"elementor-container elementor-column-gap-extended\">\n\t\t\t\t\t<div class=\"elementor-column elementor-col-100 elementor-top-column elementor-element elementor-element-90abd22 sc_content_align_inherit sc_layouts_column_icons_position_left sc_fly_static\" data-id=\"90abd22\" data-element_type=\"column\" data-e-type=\"column\">\n\t\t\t<div class=\"elementor-widget-wrap elementor-element-populated\">\n\t\t\t\t\t\t\t<\/div>\n\t\t<\/div>\n\t\t\t\t\t<\/div>\n\t\t<\/section>\n\t\t\t\t<section class=\"elementor-section elementor-top-section elementor-element elementor-element-c933002 elementor-section-boxed elementor-section-height-default elementor-section-height-default sc_fly_static\" data-id=\"c933002\" data-element_type=\"section\" data-e-type=\"section\" data-settings=\"{&quot;background_background&quot;:&quot;classic&quot;}\">\n\t\t\t\t\t\t\t<div class=\"elementor-background-overlay\"><\/div>\n\t\t\t\t\t\t\t<div class=\"elementor-container elementor-column-gap-extended\">\n\t\t\t\t\t<div class=\"elementor-column elementor-col-100 elementor-top-column elementor-element elementor-element-582b3eb sc_content_align_inherit sc_layouts_column_icons_position_left sc_fly_static\" data-id=\"582b3eb\" data-element_type=\"column\" data-e-type=\"column\">\n\t\t\t<div class=\"elementor-widget-wrap elementor-element-populated\">\n\t\t\t\t\t\t<div class=\"elementor-element elementor-element-eb235af sc_height_huge sc_fly_static elementor-widget elementor-widget-spacer\" data-id=\"eb235af\" data-element_type=\"widget\" data-e-type=\"widget\" data-widget_type=\"spacer.default\">\n\t\t\t\t<div class=\"elementor-widget-container\">\n\t\t\t\t\t\t\t<div class=\"elementor-spacer\">\n\t\t\t<div class=\"elementor-spacer-inner\"><\/div>\n\t\t<\/div>\n\t\t\t\t\t\t<\/div>\n\t\t\t\t<\/div>\n\t\t\t\t<div class=\"elementor-element elementor-element-47d277e sc_layouts_hide_on_notebook sc_layouts_hide_on_tablet sc_layouts_hide_on_mobile sc_fly_static elementor-widget elementor-widget-spacer\" data-id=\"47d277e\" data-element_type=\"widget\" data-e-type=\"widget\" data-widget_type=\"spacer.default\">\n\t\t\t\t<div class=\"elementor-widget-container\">\n\t\t\t\t\t\t\t<div class=\"elementor-spacer\">\n\t\t\t<div class=\"elementor-spacer-inner\"><\/div>\n\t\t<\/div>\n\t\t\t\t\t\t<\/div>\n\t\t\t\t<\/div>\n\t\t\t\t<div class=\"elementor-element elementor-element-8ba68e4 sc_fly_static elementor-widget elementor-widget-trx_sc_title\" data-id=\"8ba68e4\" data-element_type=\"widget\" data-e-type=\"widget\" data-widget_type=\"trx_sc_title.default\">\n\t\t\t\t<div class=\"elementor-widget-container\">\n\t\t\t\t\t<div\t\tclass=\"sc_title sc_title_default\" ><span class=\"sc_item_subtitle sc_title_subtitle sc_align_center sc_item_subtitle_above sc_item_title_style_default\">nos nouvelles<\/span><h1 class=\"sc_item_title sc_title_title sc_align_center sc_item_title_style_default sc_item_title_tag\"\n\t\t\t><span class=\"sc_item_title_text\">Blog d'Ecovision<\/span><\/h1><\/div>\t\t\t\t<\/div>\n\t\t\t\t<\/div>\n\t\t\t\t<div class=\"elementor-element elementor-element-92431eb sc_height_small sc_fly_static elementor-widget elementor-widget-spacer\" data-id=\"92431eb\" data-element_type=\"widget\" data-e-type=\"widget\" data-widget_type=\"spacer.default\">\n\t\t\t\t<div class=\"elementor-widget-container\">\n\t\t\t\t\t\t\t<div class=\"elementor-spacer\">\n\t\t\t<div class=\"elementor-spacer-inner\"><\/div>\n\t\t<\/div>\n\t\t\t\t\t\t<\/div>\n\t\t\t\t<\/div>\n\t\t\t\t<div class=\"elementor-element elementor-element-dec6510 sc_height_small sc_fly_static elementor-widget elementor-widget-spacer\" data-id=\"dec6510\" data-element_type=\"widget\" data-e-type=\"widget\" data-widget_type=\"spacer.default\">\n\t\t\t\t<div class=\"elementor-widget-container\">\n\t\t\t\t\t\t\t<div class=\"elementor-spacer\">\n\t\t\t<div class=\"elementor-spacer-inner\"><\/div>\n\t\t<\/div>\n\t\t\t\t\t\t<\/div>\n\t\t\t\t<\/div>\n\t\t\t\t<div class=\"elementor-element elementor-element-e83cc33 sc_fly_static elementor-widget elementor-widget-trx_sc_button\" data-id=\"e83cc33\" data-element_type=\"widget\" data-e-type=\"widget\" data-widget_type=\"trx_sc_button.default\">\n\t\t\t\t<div class=\"elementor-widget-container\">\n\t\t\t\t\t<div\tclass=\"sc_item_button sc_button_wrap sc_align_center\" ><a href=\"https:\/\/ecovision-eng.com\/fr\/blog-standard\/\" class=\"sc_button sc_button_default sc_button_size_normal sc_button_icon_left\" ><span class=\"sc_button_text\"><span class=\"sc_button_title\">Lire la suite<\/span><\/span><\/a><\/div>\t\t\t\t<\/div>\n\t\t\t\t<\/div>\n\t\t\t\t<div class=\"elementor-element elementor-element-d7dfd02 sc_height_huge sc_fly_static elementor-widget elementor-widget-spacer\" data-id=\"d7dfd02\" data-element_type=\"widget\" data-e-type=\"widget\" data-widget_type=\"spacer.default\">\n\t\t\t\t<div class=\"elementor-widget-container\">\n\t\t\t\t\t\t\t<div class=\"elementor-spacer\">\n\t\t\t<div class=\"elementor-spacer-inner\"><\/div>\n\t\t<\/div>\n\t\t\t\t\t\t<\/div>\n\t\t\t\t<\/div>\n\t\t\t\t<div class=\"elementor-element elementor-element-fa91875 sc_layouts_hide_on_notebook sc_layouts_hide_on_tablet sc_layouts_hide_on_mobile sc_fly_static elementor-widget elementor-widget-spacer\" data-id=\"fa91875\" data-element_type=\"widget\" data-e-type=\"widget\" data-widget_type=\"spacer.default\">\n\t\t\t\t<div class=\"elementor-widget-container\">\n\t\t\t\t\t\t\t<div class=\"elementor-spacer\">\n\t\t\t<div class=\"elementor-spacer-inner\"><\/div>\n\t\t<\/div>\n\t\t\t\t\t\t<\/div>\n\t\t\t\t<\/div>\n\t\t\t\t\t<\/div>\n\t\t<\/div>\n\t\t\t\t\t<\/div>\n\t\t<\/section>\n\t\t\t\t<\/div>","protected":false},"excerpt":{"rendered":"<p>OUR GLOBAL INDUSTRIES By combining environmental insight with engineering rigor, we deliver sustainable outcomes across global industries. OUR GLOBAL INDUSTRIES By combining environmental insight with engineering rigor, we deliver sustainable&hellip;<\/p>","protected":false},"author":4,"featured_media":0,"parent":0,"menu_order":0,"comment_status":"closed","ping_status":"closed","template":"","meta":{"_acf_changed":false,"footnotes":""},"class_list":["post-2153","page","type-page","status-publish","hentry"],"acf":[],"_links":{"self":[{"href":"https:\/\/ecovision-eng.com\/fr\/wp-json\/wp\/v2\/pages\/2153","targetHints":{"allow":["GET"]}}],"collection":[{"href":"https:\/\/ecovision-eng.com\/fr\/wp-json\/wp\/v2\/pages"}],"about":[{"href":"https:\/\/ecovision-eng.com\/fr\/wp-json\/wp\/v2\/types\/page"}],"author":[{"embeddable":true,"href":"https:\/\/ecovision-eng.com\/fr\/wp-json\/wp\/v2\/users\/4"}],"replies":[{"embeddable":true,"href":"https:\/\/ecovision-eng.com\/fr\/wp-json\/wp\/v2\/comments?post=2153"}],"version-history":[{"count":22,"href":"https:\/\/ecovision-eng.com\/fr\/wp-json\/wp\/v2\/pages\/2153\/revisions"}],"predecessor-version":[{"id":7076,"href":"https:\/\/ecovision-eng.com\/fr\/wp-json\/wp\/v2\/pages\/2153\/revisions\/7076"}],"wp:attachment":[{"href":"https:\/\/ecovision-eng.com\/fr\/wp-json\/wp\/v2\/media?parent=2153"}],"curies":[{"name":"wp","href":"https:\/\/api.w.org\/{rel}","templated":true}]}}